{"id":197,"date":"2017-03-04T12:44:06","date_gmt":"2017-03-04T10:44:06","guid":{"rendered":"http:\/\/fischerstueberl.com\/?page_id=197"},"modified":"2024-05-03T11:41:37","modified_gmt":"2024-05-03T09:41:37","slug":"wandern","status":"publish","type":"page","link":"https:\/\/www.fischerstueberl.com\/?page_id=197","title":{"rendered":"Wandern"},"content":{"rendered":"<p>Der Schluchtweg, ein beliebter Wanderweg auf die Ossiacher Tauern, beginnt nur 100m von unseren Haus entfernt und endet am Tauernteich.<\/p>\n<p>Der Schluchtweg ist ein Teilabschnit des <a href=\"http:\/\/www.alpe-adria-trail.com\/de\/\" target=\"_blank\" rel=\"noopener\">Alpen Adria Trails<\/a>, welcher ein 690 km langer Bergwanderweg von Fu\u00dfe des Gro\u00dfglockners in K\u00e4rnten bis an die Adriak\u00fcste Italiens ist.<\/p>\n<p>Wir geben ihnen gerne Informationen zu weiteren Natur-Aktiv Angeboten.<\/p>\n\t\t<div class=\"st_gallery_wp st-gallery-wrapper classic\" style=\"max-width: 100%; height: 600px;\">\n\t\t\t\t\t\t\t\t\t<div id=\"69e2cd2783787\" class=\"st-gallery-main classic\" style=\"max-width: 100%; height: 600px;\">\n\t\t\t\t\t\t\t\t\t\t\t<div class=\"image\" id=\"img-1\">\n\t\t\t\t\t\t\t\t<img decoding=\"async\" src=\"\n\t\t\t\t\t\t\t\thttps:\/\/www.fischerstueberl.com\/wp-content\/uploads\/2017\/09\/Schluchtweg-4.jpg\" \n\t\t\t\t\t\t\t\tdata-title=\"Schluchtweg 4\"\t\t\t\t\t\t\t\t>\n\t\t\t\t\t\t\t<\/div>\n\t\t\t\t\t\t\t\t\t\t\t\t\t<div class=\"image\" id=\"img-2\">\n\t\t\t\t\t\t\t\t<img decoding=\"async\" src=\"\n\t\t\t\t\t\t\t\thttps:\/\/www.fischerstueberl.com\/wp-content\/uploads\/2017\/09\/Schluchtweg.jpg\" \n\t\t\t\t\t\t\t\tdata-title=\"Schluchtweg\"\t\t\t\t\t\t\t\t>\n\t\t\t\t\t\t\t<\/div>\n\t\t\t\t\t\t\t\t\t\t\t\t\t<div class=\"image\" id=\"img-3\">\n\t\t\t\t\t\t\t\t<img decoding=\"async\" src=\"\n\t\t\t\t\t\t\t\thttps:\/\/www.fischerstueberl.com\/wp-content\/uploads\/2017\/09\/See-Aussicht-2.jpg\" \n\t\t\t\t\t\t\t\tdata-title=\"See Aussicht 2\"\t\t\t\t\t\t\t\t>\n\t\t\t\t\t\t\t<\/div>\n\t\t\t\t\t\t\t\t\t\t\t\t\t<div class=\"image\" id=\"img-4\">\n\t\t\t\t\t\t\t\t<img decoding=\"async\" src=\"\n\t\t\t\t\t\t\t\thttps:\/\/www.fischerstueberl.com\/wp-content\/uploads\/2017\/09\/Schluchtweg-2.jpg\" \n\t\t\t\t\t\t\t\tdata-title=\"Schluchtweg 2\"\t\t\t\t\t\t\t\t>\n\t\t\t\t\t\t\t<\/div>\n\t\t\t\t\t\t\t\t\t\t\t\t\t<div class=\"image\" id=\"img-5\">\n\t\t\t\t\t\t\t\t<img decoding=\"async\" src=\"\n\t\t\t\t\t\t\t\thttps:\/\/www.fischerstueberl.com\/wp-content\/uploads\/2017\/09\/Schluchtweg-3.jpg\" \n\t\t\t\t\t\t\t\tdata-title=\"Schluchtweg 3\"\t\t\t\t\t\t\t\t>\n\t\t\t\t\t\t\t<\/div>\n\t\t\t\t\t\t\t\t\t\t\t\n\t\t\t\t\t<\/div>\n\t\t\t\t\t\t\t<div id=\"st-gallery-control\" style=\"max-width: 100%;\">\n\t\t\t\t\t<ul class=\"st-control-text\">\n\t\t\t\t\t\t<li><a class=\"69e2cd2783787 action\" href=\"#\">Play<\/a><\/li>\n\t\t\t\t\t\t<li><a class=\"69e2cd2783787 full\" href=\"#\">Fullscreen<\/a><\/li>\n\t\t\t\t\t<\/ul>\n\t\t\t\t<\/div>\n\t\t\t\t<\/div> \n\n\t<script type=\"text\/javascript\">\n\t\t(function($){\n\t\t\t\t\t\t\t\t$('.69e2cd2783787.action').addClass('active').html('Pause');\n\t\t\t\t\t$(document).ready(function(){\n\t\t\t\t\n\t\t\t\t\tGalleria.run('#69e2cd2783787.classic',{\n\t\t\t\t\t\ttheme: \t\t'classic',\n\t\t\t\t\t\tautoplay: \t3000,\n\t\t\t\t\t\tclicknext: \tfalse, \n\t\t\t\t\t\tdataConfig: function(img) {\n\t\t\t\t\t\t\treturn {\n\t\t\t\t\t\t\t\ttitle : $(img).attr('data-title'),\n\t\t\t\t\t\t\t\tdescription : $(img).attr('data-description'),\n\t\t\t\t\t\t\t};\n\t\t\t\t\t\t}, \n\t\t\t\t\t\textend: function() {\n\t\t\t\t\t\t\tvar gallery = this;\n\t\t\t\t\t\t\t$('.69e2cd2783787.action').click(function() {\n\t\t\t\t\t\t\t\tevent.preventDefault();\n\t\t\t\t\t\t\t\t\n\t\t\t\t\t\t\t\tif ($(this).hasClass('active')){\n\t\t\t\t\t\t\t\t\tgallery.pause();\n\t\t\t\t\t\t\t\t\t$(this).removeClass('active').html('Play');\n\t\t\t\t\t\t\t\t}else{\n\t\t\t\t\t\t\t\t\tgallery.play();\n\t\t\t\t\t\t\t\t\t$(this).addClass('active').html('Pause');\n\t\t\t\t\t\t\t\t}\n\t\t\t\t\t\t\t\t\n\t\t\t\t\t\t\t});\n\t\t\t\t\t\t\t$('.69e2cd2783787.full').click(function() {\n\t\t\t\t\t\t\t\tevent.preventDefault();\n\t\t\t\t\t\t\t\tgallery.enterFullscreen();\n\t\t\t\t\t\t\t});\n\t\t\t\t\t\t\t\n\t\t\t\t\t\t\tvar bgcolor = \"#000000\";\n\t\t\t\t\t\t\tgallery.$('container').css('background', bgcolor);\n\t\t\t\t\t\t\tthis.bind('fullscreen_enter', function(e) {\n\t\t\t\t\t\t\t    gallery.$('container').css('background', bgcolor);\n\t\t\t\t\t\t\t});\n        \n\t\t\t\t\t\t},\n\t\t\t\t\t\tshowCounter: \t\ttrue,\n\t\t\t\t\t\tshowImagenav: \t\ttrue,\n\t\t\t\t\t\timageCrop: \t\t\ttrue,\n\t\t\t\t\t\tthumbnails: \t\ttrue,\n\t\t\t\t\t\tthumbCrop: \t\t\ttrue,\n\t\t\t\t\t\ttransition: \t\t'fadeslide',\n\t\t\t\t\t\ttransitionSpeed: \t500,\n\t\t\t\t\t\tlightbox: \t\t\ttrue,\n\t\t\t\t\t\timagePan: \t\t\ttrue,\n\t\t\t\t\t\tresponsive: true,\n\t\t\t\t\t\theight:\t\t\t\t600,\n\t\t\t\t\t\t \t\t\t\t\t\n\t\t\t\t});\n\t\t\t});\n\t\t})(jQuery);\n\t<\/script> <a style=\"display:none;\" href=\"http:\/\/beautiful-templates.com\">gallery wordpress plugin<\/a>\n<div id=\"nzkwnzqxmzi4\">\n<div>\n<\/div>\n<\/div>\n","protected":false},"excerpt":{"rendered":"<p>Der Schluchtweg, ein beliebter Wanderweg auf die Ossiacher Tauern, beginnt nur 100m von unseren Haus entfernt und endet am Tauernteich. Der Schluchtweg ist ein Teilabschnit des Alpen Adria Trails, welcher ein 690 km langer Bergwanderweg von Fu\u00dfe des Gro\u00dfglockners in K\u00e4rnten bis an die Adriak\u00fcste Italiens ist. Wir geben ihnen gerne Informationen zu weiteren Natur-Aktiv<br \/><a class=\"moretag\" href=\"https:\/\/www.fischerstueberl.com\/?page_id=197\">+ Mehr erfahren<\/a><\/p>\n","protected":false},"author":1,"featured_media":0,"parent":106,"menu_order":0,"comment_status":"closed","ping_status":"closed","template":"page-fullwidth.php","meta":{"footnotes":""},"class_list":["post-197","page","type-page","status-publish","hentry"],"_links":{"self":[{"href":"https:\/\/www.fischerstueberl.com\/index.php?rest_route=\/wp\/v2\/pages\/197","targetHints":{"allow":["GET"]}}],"collection":[{"href":"https:\/\/www.fischerstueberl.com\/index.php?rest_route=\/wp\/v2\/pages"}],"about":[{"href":"https:\/\/www.fischerstueberl.com\/index.php?rest_route=\/wp\/v2\/types\/page"}],"author":[{"embeddable":true,"href":"https:\/\/www.fischerstueberl.com\/index.php?rest_route=\/wp\/v2\/users\/1"}],"replies":[{"embeddable":true,"href":"https:\/\/www.fischerstueberl.com\/index.php?rest_route=%2Fwp%2Fv2%2Fcomments&post=197"}],"version-history":[{"count":5,"href":"https:\/\/www.fischerstueberl.com\/index.php?rest_route=\/wp\/v2\/pages\/197\/revisions"}],"predecessor-version":[{"id":1034,"href":"https:\/\/www.fischerstueberl.com\/index.php?rest_route=\/wp\/v2\/pages\/197\/revisions\/1034"}],"up":[{"embeddable":true,"href":"https:\/\/www.fischerstueberl.com\/index.php?rest_route=\/wp\/v2\/pages\/106"}],"wp:attachment":[{"href":"https:\/\/www.fischerstueberl.com\/index.php?rest_route=%2Fwp%2Fv2%2Fmedia&parent=197"}],"curies":[{"name":"wp","href":"https:\/\/api.w.org\/{rel}","templated":true}]}}