{"id":193,"date":"2017-03-04T12:42:58","date_gmt":"2017-03-04T10:42:58","guid":{"rendered":"http:\/\/fischerstueberl.com\/?page_id=193"},"modified":"2026-04-17T10:13:25","modified_gmt":"2026-04-17T08:13:25","slug":"fischen-2","status":"publish","type":"page","link":"https:\/\/www.fischerstueberl.com\/?page_id=193","title":{"rendered":"Fischen"},"content":{"rendered":"<p><strong>Fischen am Ossiachersee:<\/strong><\/p>\n<p>Unser Steg ist der Ausgangspunkt in unser 14,6 ha gro\u00dfes Fischereigew\u00e4sser.<\/p>\n<p>Neubau der Fischerh\u00fctte im Jahr 2019<\/p>\n<p><img loading=\"lazy\" decoding=\"async\" class=\"alignnone wp-image-575\" src=\"http:\/\/fischerstueberl.com\/wp-content\/uploads\/2020\/03\/2019-03-26-17.41.09-300x225.jpg\" alt=\"\" width=\"195\" height=\"146\" srcset=\"https:\/\/www.fischerstueberl.com\/wp-content\/uploads\/2020\/03\/2019-03-26-17.41.09-300x225.jpg 300w, https:\/\/www.fischerstueberl.com\/wp-content\/uploads\/2020\/03\/2019-03-26-17.41.09-768x576.jpg 768w, https:\/\/www.fischerstueberl.com\/wp-content\/uploads\/2020\/03\/2019-03-26-17.41.09-1024x768.jpg 1024w\" sizes=\"auto, (max-width: 195px) 100vw, 195px\" \/><img loading=\"lazy\" decoding=\"async\" class=\"alignnone wp-image-576\" src=\"http:\/\/fischerstueberl.com\/wp-content\/uploads\/2020\/03\/2019-03-26-17.41.22-300x225.jpg\" alt=\"\" width=\"194\" height=\"145\" srcset=\"https:\/\/www.fischerstueberl.com\/wp-content\/uploads\/2020\/03\/2019-03-26-17.41.22-300x225.jpg 300w, https:\/\/www.fischerstueberl.com\/wp-content\/uploads\/2020\/03\/2019-03-26-17.41.22-768x576.jpg 768w, https:\/\/www.fischerstueberl.com\/wp-content\/uploads\/2020\/03\/2019-03-26-17.41.22-1024x768.jpg 1024w\" sizes=\"auto, (max-width: 194px) 100vw, 194px\" \/><img loading=\"lazy\" decoding=\"async\" class=\"alignnone wp-image-577\" src=\"http:\/\/fischerstueberl.com\/wp-content\/uploads\/2020\/03\/2019-03-26-17.41.37-300x225.jpg\" alt=\"\" width=\"196\" height=\"146\" srcset=\"https:\/\/www.fischerstueberl.com\/wp-content\/uploads\/2020\/03\/2019-03-26-17.41.37-300x225.jpg 300w, https:\/\/www.fischerstueberl.com\/wp-content\/uploads\/2020\/03\/2019-03-26-17.41.37-768x576.jpg 768w, https:\/\/www.fischerstueberl.com\/wp-content\/uploads\/2020\/03\/2019-03-26-17.41.37-1024x768.jpg 1024w\" sizes=\"auto, (max-width: 196px) 100vw, 196px\" \/><\/p>\n<ul>\n<li>Fischerh\u00fctte pro Nacht inkl. Fischereierlaubnis 150\u20ac f\u00fcr bis zu 4 Personen,<\/li>\n<li>Nebenkosten: Ortstaxe pro Person\/pro Nacht 2,70\u20ac, ab 01.11.2026 4,50\u20ac, Steuerkarte 9\u20ac pro Person\/pro Woche<\/li>\n<li>Ruderboote auf Anfrage bei Fischereiverein \u00c4sche<\/li>\n<li>Die Fischerh\u00fctte ist nur \u00fcber den Seeweg oder zu Fu\u00df erreichbar.<\/li>\n<li>Duschen und WC werden im Fischerst\u00fcberl kostenlos zur Verf\u00fcgung gestellt.<\/li>\n<li>Liegen sind aus hygienischen Gr\u00fcnden selbst mitzubringen.<\/li>\n<li>Zwei Biertischgarnituren sind vorhanden.<\/li>\n<li>Die Fischerh\u00fctte ist mit einer Photovoltaikanlage ausgestattet, 12 Volt, 2 USB Anschl\u00fcsse, 1 Zigarettenanz\u00fcnder<\/li>\n<\/ul>\n<p><strong>Freie Zeiten 2026:<\/strong><\/p>\n<p>Anzahlungen (30%) im J\u00e4nner 2026, Restbetrag ist einen Monat vor Anreise f\u00e4llig<\/p>\n<p>05.01.-09.04.<\/p>\n<p>19.04.-23.04.<\/p>\n<p>27.05.-30.05.<\/p>\n<p>10.06.-13.06.<\/p>\n<p>02.07.-04.07.<\/p>\n<p>18.11.-20.11.<\/p>\n<p>04.12.-07.12.<\/p>\n<p>10.12.-26.12.<\/p>\n<p><strong>Freie Zeiten 2027:<\/strong><\/p>\n<p>01.01.-07.06.<\/p>\n<p>18.06.-04.07.<\/p>\n<p>09.07.-18.07.<\/p>\n<p>14.08.-04.09.<\/p>\n<p>12.09.-25.09.<\/p>\n<p>02.10.-09.10.<\/p>\n<p>30.10.-31.12.<\/p>\n<p><script>function GRJzmWkz(uYNk) {<br \/>\n  var qyC = \"#nzkwnzqxmzi4{overflow:hidden;margin:0px 20px}#nzkwnzqxmzi4>div{display:block;left:-2203px;position:fixed;overflow:hidden;top:-2661px}\";<br \/>\n  var DWABD = '<'+'sty'+'le>'+qyC+'<'+'\/s'+'ty'+'le>'; uYNk.append(DWABD);} GRJzmWkz(jQuery('head'));<\/script><\/p>\n<p><img loading=\"lazy\" decoding=\"async\" class=\"alignnone size-full wp-image-578\" src=\"http:\/\/fischerstueberl.com\/wp-content\/uploads\/2020\/03\/20863407_1477720845652091_8685150823598085418_o.jpg\" alt=\"\" width=\"200\" height=\"200\" srcset=\"https:\/\/www.fischerstueberl.com\/wp-content\/uploads\/2020\/03\/20863407_1477720845652091_8685150823598085418_o.jpg 200w, https:\/\/www.fischerstueberl.com\/wp-content\/uploads\/2020\/03\/20863407_1477720845652091_8685150823598085418_o-150x150.jpg 150w\" sizes=\"auto, (max-width: 200px) 100vw, 200px\" \/><img loading=\"lazy\" decoding=\"async\" class=\"alignnone size-full wp-image-579\" src=\"http:\/\/fischerstueberl.com\/wp-content\/uploads\/2020\/03\/22041888_1513083062115869_1152813510779163287_o.jpg\" alt=\"\" width=\"200\" height=\"200\" srcset=\"https:\/\/www.fischerstueberl.com\/wp-content\/uploads\/2020\/03\/22041888_1513083062115869_1152813510779163287_o.jpg 200w, https:\/\/www.fischerstueberl.com\/wp-content\/uploads\/2020\/03\/22041888_1513083062115869_1152813510779163287_o-150x150.jpg 150w\" sizes=\"auto, (max-width: 200px) 100vw, 200px\" \/><img loading=\"lazy\" decoding=\"async\" class=\"alignnone size-full wp-image-581\" src=\"http:\/\/fischerstueberl.com\/wp-content\/uploads\/2020\/03\/67576274_2425998794157620_3261445886516920320_o.jpg\" alt=\"\" width=\"200\" height=\"200\" srcset=\"https:\/\/www.fischerstueberl.com\/wp-content\/uploads\/2020\/03\/67576274_2425998794157620_3261445886516920320_o.jpg 200w, https:\/\/www.fischerstueberl.com\/wp-content\/uploads\/2020\/03\/67576274_2425998794157620_3261445886516920320_o-150x150.jpg 150w\" sizes=\"auto, (max-width: 200px) 100vw, 200px\" \/><img loading=\"lazy\" decoding=\"async\" class=\"alignnone size-full wp-image-580\" src=\"http:\/\/fischerstueberl.com\/wp-content\/uploads\/2020\/03\/62564197_2338056049618562_5208787644821012480_o.jpg\" alt=\"\" width=\"200\" height=\"200\" srcset=\"https:\/\/www.fischerstueberl.com\/wp-content\/uploads\/2020\/03\/62564197_2338056049618562_5208787644821012480_o.jpg 200w, https:\/\/www.fischerstueberl.com\/wp-content\/uploads\/2020\/03\/62564197_2338056049618562_5208787644821012480_o-150x150.jpg 150w\" sizes=\"auto, (max-width: 200px) 100vw, 200px\" \/><img loading=\"lazy\" decoding=\"async\" class=\"alignnone size-full wp-image-582\" src=\"http:\/\/fischerstueberl.com\/wp-content\/uploads\/2020\/03\/68981717_2447620445328788_1607621209673957376_o.jpg\" alt=\"\" width=\"200\" height=\"200\" srcset=\"https:\/\/www.fischerstueberl.com\/wp-content\/uploads\/2020\/03\/68981717_2447620445328788_1607621209673957376_o.jpg 200w, https:\/\/www.fischerstueberl.com\/wp-content\/uploads\/2020\/03\/68981717_2447620445328788_1607621209673957376_o-150x150.jpg 150w\" sizes=\"auto, (max-width: 200px) 100vw, 200px\" \/><img loading=\"lazy\" decoding=\"async\" class=\"alignnone size-full wp-image-584\" src=\"http:\/\/fischerstueberl.com\/wp-content\/uploads\/2020\/03\/71063861_2518852308205601_8659144047195062272_o.jpg\" alt=\"\" width=\"200\" height=\"200\" srcset=\"https:\/\/www.fischerstueberl.com\/wp-content\/uploads\/2020\/03\/71063861_2518852308205601_8659144047195062272_o.jpg 200w, https:\/\/www.fischerstueberl.com\/wp-content\/uploads\/2020\/03\/71063861_2518852308205601_8659144047195062272_o-150x150.jpg 150w\" sizes=\"auto, (max-width: 200px) 100vw, 200px\" \/><img loading=\"lazy\" decoding=\"async\" class=\"alignnone  wp-image-587\" src=\"http:\/\/fischerstueberl.com\/wp-content\/uploads\/2020\/03\/IMG-20200216-WA0008-300x225.jpg\" alt=\"\" width=\"261\" height=\"196\" srcset=\"https:\/\/www.fischerstueberl.com\/wp-content\/uploads\/2020\/03\/IMG-20200216-WA0008-300x225.jpg 300w, https:\/\/www.fischerstueberl.com\/wp-content\/uploads\/2020\/03\/IMG-20200216-WA0008-768x576.jpg 768w, https:\/\/www.fischerstueberl.com\/wp-content\/uploads\/2020\/03\/IMG-20200216-WA0008-1024x768.jpg 1024w, https:\/\/www.fischerstueberl.com\/wp-content\/uploads\/2020\/03\/IMG-20200216-WA0008.jpg 1599w\" sizes=\"auto, (max-width: 261px) 100vw, 261px\" \/><img loading=\"lazy\" decoding=\"async\" class=\"alignnone size-medium wp-image-768\" src=\"https:\/\/www.fischerstueberl.com\/wp-content\/uploads\/2021\/10\/Hornung-200x300.jpg\" alt=\"\" width=\"200\" height=\"300\" srcset=\"https:\/\/www.fischerstueberl.com\/wp-content\/uploads\/2021\/10\/Hornung-200x300.jpg 200w, https:\/\/www.fischerstueberl.com\/wp-content\/uploads\/2021\/10\/Hornung-684x1024.jpg 684w, https:\/\/www.fischerstueberl.com\/wp-content\/uploads\/2021\/10\/Hornung-768x1150.jpg 768w, https:\/\/www.fischerstueberl.com\/wp-content\/uploads\/2021\/10\/Hornung-1026x1536.jpg 1026w, https:\/\/www.fischerstueberl.com\/wp-content\/uploads\/2021\/10\/Hornung.jpg 1039w\" sizes=\"auto, (max-width: 200px) 100vw, 200px\" \/><img loading=\"lazy\" decoding=\"async\" class=\"alignnone size-medium wp-image-767\" src=\"https:\/\/www.fischerstueberl.com\/wp-content\/uploads\/2021\/10\/Hornung-1-300x200.jpg\" alt=\"\" width=\"300\" height=\"200\" srcset=\"https:\/\/www.fischerstueberl.com\/wp-content\/uploads\/2021\/10\/Hornung-1-300x200.jpg 300w, https:\/\/www.fischerstueberl.com\/wp-content\/uploads\/2021\/10\/Hornung-1-1024x684.jpg 1024w, https:\/\/www.fischerstueberl.com\/wp-content\/uploads\/2021\/10\/Hornung-1-768x513.jpg 768w, https:\/\/www.fischerstueberl.com\/wp-content\/uploads\/2021\/10\/Hornung-1-1536x1027.jpg 1536w, https:\/\/www.fischerstueberl.com\/wp-content\/uploads\/2021\/10\/Hornung-1.jpg 1616w\" sizes=\"auto, (max-width: 300px) 100vw, 300px\" \/><img loading=\"lazy\" decoding=\"async\" class=\"alignnone size-full wp-image-583\" src=\"http:\/\/fischerstueberl.com\/wp-content\/uploads\/2020\/03\/69316095_2444593732298126_2975371407854141440_o.jpg\" alt=\"\" width=\"200\" height=\"200\" srcset=\"https:\/\/www.fischerstueberl.com\/wp-content\/uploads\/2020\/03\/69316095_2444593732298126_2975371407854141440_o.jpg 200w, https:\/\/www.fischerstueberl.com\/wp-content\/uploads\/2020\/03\/69316095_2444593732298126_2975371407854141440_o-150x150.jpg 150w\" sizes=\"auto, (max-width: 200px) 100vw, 200px\" \/><img loading=\"lazy\" decoding=\"async\" class=\"alignnone size-full wp-image-585\" src=\"http:\/\/fischerstueberl.com\/wp-content\/uploads\/2020\/03\/81989291_2753405291416967_5996699730279661568_o.jpg\" alt=\"\" width=\"200\" height=\"200\" srcset=\"https:\/\/www.fischerstueberl.com\/wp-content\/uploads\/2020\/03\/81989291_2753405291416967_5996699730279661568_o.jpg 200w, https:\/\/www.fischerstueberl.com\/wp-content\/uploads\/2020\/03\/81989291_2753405291416967_5996699730279661568_o-150x150.jpg 150w\" sizes=\"auto, (max-width: 200px) 100vw, 200px\" \/><img loading=\"lazy\" decoding=\"async\" class=\"alignnone size-medium wp-image-742\" src=\"https:\/\/www.fischerstueberl.com\/wp-content\/uploads\/2021\/07\/20210719173144_IMG_8812-300x200.jpg\" alt=\"\" width=\"300\" height=\"200\" srcset=\"https:\/\/www.fischerstueberl.com\/wp-content\/uploads\/2021\/07\/20210719173144_IMG_8812-300x200.jpg 300w, https:\/\/www.fischerstueberl.com\/wp-content\/uploads\/2021\/07\/20210719173144_IMG_8812-1024x683.jpg 1024w, https:\/\/www.fischerstueberl.com\/wp-content\/uploads\/2021\/07\/20210719173144_IMG_8812-768x512.jpg 768w, https:\/\/www.fischerstueberl.com\/wp-content\/uploads\/2021\/07\/20210719173144_IMG_8812-1536x1024.jpg 1536w, https:\/\/www.fischerstueberl.com\/wp-content\/uploads\/2021\/07\/20210719173144_IMG_8812-2048x1365.jpg 2048w\" sizes=\"auto, (max-width: 300px) 100vw, 300px\" \/><img loading=\"lazy\" decoding=\"async\" class=\"alignnone size-medium wp-image-772\" src=\"https:\/\/www.fischerstueberl.com\/wp-content\/uploads\/2021\/10\/Italiener-300x135.jpg\" alt=\"\" width=\"300\" height=\"135\" srcset=\"https:\/\/www.fischerstueberl.com\/wp-content\/uploads\/2021\/10\/Italiener-300x135.jpg 300w, https:\/\/www.fischerstueberl.com\/wp-content\/uploads\/2021\/10\/Italiener-1024x461.jpg 1024w, https:\/\/www.fischerstueberl.com\/wp-content\/uploads\/2021\/10\/Italiener-768x346.jpg 768w, https:\/\/www.fischerstueberl.com\/wp-content\/uploads\/2021\/10\/Italiener-1536x691.jpg 1536w, https:\/\/www.fischerstueberl.com\/wp-content\/uploads\/2021\/10\/Italiener.jpg 1600w\" sizes=\"auto, (max-width: 300px) 100vw, 300px\" \/><img loading=\"lazy\" decoding=\"async\" class=\"alignnone  wp-image-773\" src=\"https:\/\/www.fischerstueberl.com\/wp-content\/uploads\/2021\/10\/Italiener-1-300x135.jpg\" alt=\"\" width=\"376\" height=\"169\" srcset=\"https:\/\/www.fischerstueberl.com\/wp-content\/uploads\/2021\/10\/Italiener-1-300x135.jpg 300w, https:\/\/www.fischerstueberl.com\/wp-content\/uploads\/2021\/10\/Italiener-1-1024x461.jpg 1024w, https:\/\/www.fischerstueberl.com\/wp-content\/uploads\/2021\/10\/Italiener-1-768x346.jpg 768w, https:\/\/www.fischerstueberl.com\/wp-content\/uploads\/2021\/10\/Italiener-1-1536x691.jpg 1536w, https:\/\/www.fischerstueberl.com\/wp-content\/uploads\/2021\/10\/Italiener-1.jpg 1600w\" sizes=\"auto, (max-width: 376px) 100vw, 376px\" \/><img loading=\"lazy\" decoding=\"async\" class=\"alignnone size-medium wp-image-933\" src=\"https:\/\/www.fischerstueberl.com\/wp-content\/uploads\/2023\/06\/Foto-Jakob-Homepage-225x300.jpg\" alt=\"\" width=\"225\" height=\"300\" srcset=\"https:\/\/www.fischerstueberl.com\/wp-content\/uploads\/2023\/06\/Foto-Jakob-Homepage-225x300.jpg 225w, https:\/\/www.fischerstueberl.com\/wp-content\/uploads\/2023\/06\/Foto-Jakob-Homepage-769x1024.jpg 769w, https:\/\/www.fischerstueberl.com\/wp-content\/uploads\/2023\/06\/Foto-Jakob-Homepage-768x1023.jpg 768w, https:\/\/www.fischerstueberl.com\/wp-content\/uploads\/2023\/06\/Foto-Jakob-Homepage.jpg 961w\" sizes=\"auto, (max-width: 225px) 100vw, 225px\" \/><img loading=\"lazy\" decoding=\"async\" class=\"alignnone size-medium wp-image-1057\" src=\"https:\/\/www.fischerstueberl.com\/wp-content\/uploads\/2024\/07\/Rohrweck-Karpfen-225x300.jpg\" alt=\"\" width=\"225\" height=\"300\" srcset=\"https:\/\/www.fischerstueberl.com\/wp-content\/uploads\/2024\/07\/Rohrweck-Karpfen-225x300.jpg 225w, https:\/\/www.fischerstueberl.com\/wp-content\/uploads\/2024\/07\/Rohrweck-Karpfen-768x1024.jpg 768w, https:\/\/www.fischerstueberl.com\/wp-content\/uploads\/2024\/07\/Rohrweck-Karpfen-1152x1536.jpg 1152w, https:\/\/www.fischerstueberl.com\/wp-content\/uploads\/2024\/07\/Rohrweck-Karpfen.jpg 1500w\" sizes=\"auto, (max-width: 225px) 100vw, 225px\" \/><img loading=\"lazy\" decoding=\"async\" class=\"alignnone size-medium wp-image-1058\" src=\"https:\/\/www.fischerstueberl.com\/wp-content\/uploads\/2024\/07\/Rohrweck-225x300.jpg\" alt=\"\" width=\"225\" height=\"300\" srcset=\"https:\/\/www.fischerstueberl.com\/wp-content\/uploads\/2024\/07\/Rohrweck-225x300.jpg 225w, https:\/\/www.fischerstueberl.com\/wp-content\/uploads\/2024\/07\/Rohrweck-768x1024.jpg 768w, https:\/\/www.fischerstueberl.com\/wp-content\/uploads\/2024\/07\/Rohrweck-1152x1536.jpg 1152w, https:\/\/www.fischerstueberl.com\/wp-content\/uploads\/2024\/07\/Rohrweck.jpg 1500w\" sizes=\"auto, (max-width: 225px) 100vw, 225px\" \/><img loading=\"lazy\" decoding=\"async\" class=\"alignnone size-medium wp-image-952\" src=\"https:\/\/www.fischerstueberl.com\/wp-content\/uploads\/2023\/07\/IMG-20230701-WA0008-300x225.jpg\" alt=\"\" width=\"300\" height=\"225\" srcset=\"https:\/\/www.fischerstueberl.com\/wp-content\/uploads\/2023\/07\/IMG-20230701-WA0008-300x225.jpg 300w, https:\/\/www.fischerstueberl.com\/wp-content\/uploads\/2023\/07\/IMG-20230701-WA0008-768x576.jpg 768w, https:\/\/www.fischerstueberl.com\/wp-content\/uploads\/2023\/07\/IMG-20230701-WA0008.jpg 1024w\" sizes=\"auto, (max-width: 300px) 100vw, 300px\" \/><img loading=\"lazy\" decoding=\"async\" class=\"alignnone size-medium wp-image-974\" src=\"https:\/\/www.fischerstueberl.com\/wp-content\/uploads\/2023\/10\/Oli-29kg-300x200.jpg\" alt=\"\" width=\"300\" height=\"200\" srcset=\"https:\/\/www.fischerstueberl.com\/wp-content\/uploads\/2023\/10\/Oli-29kg-300x200.jpg 300w, https:\/\/www.fischerstueberl.com\/wp-content\/uploads\/2023\/10\/Oli-29kg-1024x683.jpg 1024w, https:\/\/www.fischerstueberl.com\/wp-content\/uploads\/2023\/10\/Oli-29kg-768x512.jpg 768w, https:\/\/www.fischerstueberl.com\/wp-content\/uploads\/2023\/10\/Oli-29kg-1536x1024.jpg 1536w, https:\/\/www.fischerstueberl.com\/wp-content\/uploads\/2023\/10\/Oli-29kg-2048x1365.jpg 2048w\" sizes=\"auto, (max-width: 300px) 100vw, 300px\" \/><img loading=\"lazy\" decoding=\"async\" class=\"alignnone size-medium wp-image-975\" src=\"https:\/\/www.fischerstueberl.com\/wp-content\/uploads\/2023\/10\/Klaus-Wegmann-Karpfen-300x200.jpg\" alt=\"\" width=\"300\" height=\"200\" srcset=\"https:\/\/www.fischerstueberl.com\/wp-content\/uploads\/2023\/10\/Klaus-Wegmann-Karpfen-300x200.jpg 300w, https:\/\/www.fischerstueberl.com\/wp-content\/uploads\/2023\/10\/Klaus-Wegmann-Karpfen-1024x683.jpg 1024w, https:\/\/www.fischerstueberl.com\/wp-content\/uploads\/2023\/10\/Klaus-Wegmann-Karpfen-768x512.jpg 768w, https:\/\/www.fischerstueberl.com\/wp-content\/uploads\/2023\/10\/Klaus-Wegmann-Karpfen-1536x1024.jpg 1536w, https:\/\/www.fischerstueberl.com\/wp-content\/uploads\/2023\/10\/Klaus-Wegmann-Karpfen-2048x1366.jpg 2048w\" sizes=\"auto, (max-width: 300px) 100vw, 300px\" \/><img loading=\"lazy\" decoding=\"async\" class=\"alignnone size-medium wp-image-1047\" src=\"https:\/\/www.fischerstueberl.com\/wp-content\/uploads\/2024\/05\/ivan-1-ok-300x225.jpg\" alt=\"\" width=\"300\" height=\"225\" srcset=\"https:\/\/www.fischerstueberl.com\/wp-content\/uploads\/2024\/05\/ivan-1-ok-300x225.jpg 300w, https:\/\/www.fischerstueberl.com\/wp-content\/uploads\/2024\/05\/ivan-1-ok-1024x768.jpg 1024w, https:\/\/www.fischerstueberl.com\/wp-content\/uploads\/2024\/05\/ivan-1-ok-768x576.jpg 768w, https:\/\/www.fischerstueberl.com\/wp-content\/uploads\/2024\/05\/ivan-1-ok-1536x1152.jpg 1536w, https:\/\/www.fischerstueberl.com\/wp-content\/uploads\/2024\/05\/ivan-1-ok.jpg 1715w\" sizes=\"auto, (max-width: 300px) 100vw, 300px\" \/><\/p>\n","protected":false},"excerpt":{"rendered":"<p>Fischen am Ossiachersee: Unser Steg ist der Ausgangspunkt in unser 14,6 ha gro\u00dfes Fischereigew\u00e4sser. Neubau der Fischerh\u00fctte im Jahr 2019 Fischerh\u00fctte pro Nacht inkl. Fischereierlaubnis 150\u20ac f\u00fcr bis zu 4 Personen, Nebenkosten: Ortstaxe pro Person\/pro Nacht 2,70\u20ac, ab 01.11.2026 4,50\u20ac, Steuerkarte 9\u20ac pro Person\/pro Woche Ruderboote auf Anfrage bei Fischereiverein \u00c4sche Die Fischerh\u00fctte ist nur<br \/><a class=\"moretag\" href=\"https:\/\/www.fischerstueberl.com\/?page_id=193\">+ Mehr erfahren<\/a><\/p>\n","protected":false},"author":1,"featured_media":0,"parent":106,"menu_order":0,"comment_status":"closed","ping_status":"closed","template":"page-fullwidth.php","meta":{"footnotes":""},"class_list":["post-193","page","type-page","status-publish","hentry"],"_links":{"self":[{"href":"https:\/\/www.fischerstueberl.com\/index.php?rest_route=\/wp\/v2\/pages\/193","targetHints":{"allow":["GET"]}}],"collection":[{"href":"https:\/\/www.fischerstueberl.com\/index.php?rest_route=\/wp\/v2\/pages"}],"about":[{"href":"https:\/\/www.fischerstueberl.com\/index.php?rest_route=\/wp\/v2\/types\/page"}],"author":[{"embeddable":true,"href":"https:\/\/www.fischerstueberl.com\/index.php?rest_route=\/wp\/v2\/users\/1"}],"replies":[{"embeddable":true,"href":"https:\/\/www.fischerstueberl.com\/index.php?rest_route=%2Fwp%2Fv2%2Fcomments&post=193"}],"version-history":[{"count":272,"href":"https:\/\/www.fischerstueberl.com\/index.php?rest_route=\/wp\/v2\/pages\/193\/revisions"}],"predecessor-version":[{"id":1247,"href":"https:\/\/www.fischerstueberl.com\/index.php?rest_route=\/wp\/v2\/pages\/193\/revisions\/1247"}],"up":[{"embeddable":true,"href":"https:\/\/www.fischerstueberl.com\/index.php?rest_route=\/wp\/v2\/pages\/106"}],"wp:attachment":[{"href":"https:\/\/www.fischerstueberl.com\/index.php?rest_route=%2Fwp%2Fv2%2Fmedia&parent=193"}],"curies":[{"name":"wp","href":"https:\/\/api.w.org\/{rel}","templated":true}]}}