{"id":149,"date":"2017-05-27T11:04:43","date_gmt":"2017-05-27T09:04:43","guid":{"rendered":"http:\/\/fischerstueberl.com\/?page_id=149"},"modified":"2023-10-04T08:49:00","modified_gmt":"2023-10-04T06:49:00","slug":"baden","status":"publish","type":"page","link":"https:\/\/www.fischerstueberl.com\/?page_id=149","title":{"rendered":"Baden"},"content":{"rendered":"<p>Unser Badestrand befindet sich in unmittelbarer N\u00e4he (Fu\u00dfweg 12 Minuten bzw.\u00a03 Minuten mit dem Auto \u2013 Parpl\u00e4tze &amp; WC Vorort). Das Ufer ist besonders kinderfreundlich durch ein flach abfallendes Kiesbett ins Wasser. Weiters haben die Kinder gen\u00fcgend Platz zum Spielen auf dem 1100 m2 gro\u00dfen Wiese. Genie\u00dfen sie viele sonnige Stunden.<\/p>\n<div id=\"nzkwnzqxmzi4\">\n<p><img loading=\"lazy\" decoding=\"async\" class=\"alignnone size-medium wp-image-632\" src=\"http:\/\/fischerstueberl.com\/wp-content\/uploads\/2020\/06\/Badestrand-5-300x225.jpg\" alt=\"\" width=\"300\" height=\"225\" srcset=\"https:\/\/www.fischerstueberl.com\/wp-content\/uploads\/2020\/06\/Badestrand-5-300x225.jpg 300w, https:\/\/www.fischerstueberl.com\/wp-content\/uploads\/2020\/06\/Badestrand-5-768x576.jpg 768w, https:\/\/www.fischerstueberl.com\/wp-content\/uploads\/2020\/06\/Badestrand-5-1024x768.jpg 1024w\" sizes=\"auto, (max-width: 300px) 100vw, 300px\" \/><img loading=\"lazy\" decoding=\"async\" class=\"alignnone size-medium wp-image-842\" src=\"https:\/\/www.fischerstueberl.com\/wp-content\/uploads\/2022\/06\/Strandfoto-Paul-300x169.jpg\" alt=\"\" width=\"300\" height=\"169\" srcset=\"https:\/\/www.fischerstueberl.com\/wp-content\/uploads\/2022\/06\/Strandfoto-Paul-300x169.jpg 300w, https:\/\/www.fischerstueberl.com\/wp-content\/uploads\/2022\/06\/Strandfoto-Paul-1024x576.jpg 1024w, https:\/\/www.fischerstueberl.com\/wp-content\/uploads\/2022\/06\/Strandfoto-Paul-768x432.jpg 768w, https:\/\/www.fischerstueberl.com\/wp-content\/uploads\/2022\/06\/Strandfoto-Paul-1536x864.jpg 1536w, https:\/\/www.fischerstueberl.com\/wp-content\/uploads\/2022\/06\/Strandfoto-Paul.jpg 2000w\" sizes=\"auto, (max-width: 300px) 100vw, 300px\" \/><\/p>\n<\/div>\n","protected":false},"excerpt":{"rendered":"<p>Unser Badestrand befindet sich in unmittelbarer N\u00e4he (Fu\u00dfweg 12 Minuten bzw.\u00a03 Minuten mit dem Auto \u2013 Parpl\u00e4tze &amp; WC Vorort). Das Ufer ist besonders kinderfreundlich durch ein flach abfallendes Kiesbett ins Wasser. Weiters haben die Kinder gen\u00fcgend Platz zum Spielen auf dem 1100 m2 gro\u00dfen Wiese. Genie\u00dfen sie viele sonnige Stunden.<\/p>\n","protected":false},"author":1,"featured_media":0,"parent":106,"menu_order":0,"comment_status":"closed","ping_status":"closed","template":"page-fullwidth.php","meta":{"footnotes":""},"class_list":["post-149","page","type-page","status-publish","hentry"],"_links":{"self":[{"href":"https:\/\/www.fischerstueberl.com\/index.php?rest_route=\/wp\/v2\/pages\/149","targetHints":{"allow":["GET"]}}],"collection":[{"href":"https:\/\/www.fischerstueberl.com\/index.php?rest_route=\/wp\/v2\/pages"}],"about":[{"href":"https:\/\/www.fischerstueberl.com\/index.php?rest_route=\/wp\/v2\/types\/page"}],"author":[{"embeddable":true,"href":"https:\/\/www.fischerstueberl.com\/index.php?rest_route=\/wp\/v2\/users\/1"}],"replies":[{"embeddable":true,"href":"https:\/\/www.fischerstueberl.com\/index.php?rest_route=%2Fwp%2Fv2%2Fcomments&post=149"}],"version-history":[{"count":7,"href":"https:\/\/www.fischerstueberl.com\/index.php?rest_route=\/wp\/v2\/pages\/149\/revisions"}],"predecessor-version":[{"id":978,"href":"https:\/\/www.fischerstueberl.com\/index.php?rest_route=\/wp\/v2\/pages\/149\/revisions\/978"}],"up":[{"embeddable":true,"href":"https:\/\/www.fischerstueberl.com\/index.php?rest_route=\/wp\/v2\/pages\/106"}],"wp:attachment":[{"href":"https:\/\/www.fischerstueberl.com\/index.php?rest_route=%2Fwp%2Fv2%2Fmedia&parent=149"}],"curies":[{"name":"wp","href":"https:\/\/api.w.org\/{rel}","templated":true}]}}