{"id":101,"date":"2017-08-05T10:10:24","date_gmt":"2017-08-05T08:10:24","guid":{"rendered":"http:\/\/fischerstueberl.com\/?page_id=101"},"modified":"2021-03-05T12:16:13","modified_gmt":"2021-03-05T10:16:13","slug":"preiswertes-wohnen-im-haupthaus","status":"publish","type":"page","link":"https:\/\/www.fischerstueberl.com\/?page_id=101","title":{"rendered":"Preiswertes Wohnen im Haupthaus"},"content":{"rendered":"<p><strong>Zimmer 1<\/strong><\/p>\n<p>Doppelzimmer mit TV\/SAT und Dusche\/WC<br \/>\nkostenloses WLAN<br \/>\nca. 20 m2<br \/>\nf\u00fcr 2 Personen<\/p>\n<div id=\"envira-gallery-wrap-218\" class=\"envira-gallery-wrap envira-gallery-theme-base envira-lightbox-theme-base\" itemscope itemtype=\"https:\/\/schema.org\/ImageGallery\"><div data-row-height=\"150\" data-gallery-theme=\"normal\" id=\"envira-gallery-218\" class=\"envira-gallery-public envira-gallery-justified-public envira-gallery-0-columns envira-clear enviratope envira-gallery-css-animations\" data-envira-columns=\"0\"><div id=\"envira-gallery-item-230\" class=\"envira-gallery-item enviratope-item envira-gallery-item-1 envira-lazy-load\" style=\"padding-left: 5px; padding-bottom: 10px; padding-right: 5px;\"  itemscope itemtype=\"https:\/\/schema.org\/ImageObject\"><div class=\"envira-gallery-item-inner\"><div class=\"envira-gallery-position-overlay  envira-gallery-top-left\"><\/div><div class=\"envira-gallery-position-overlay  envira-gallery-top-right\"><\/div><div class=\"envira-gallery-position-overlay  envira-gallery-bottom-left\"><\/div><div class=\"envira-gallery-position-overlay  envira-gallery-bottom-right\"><\/div><a href=\"http:\/\/fischerstueberl.com\/wp-content\/uploads\/2017\/09\/HHZ12.jpg\" class=\"envira-gallery-218 envira-gallery-link\" rel=\"enviragallery218\" title=\"HHZ12\" data-envira-caption=\"HHZ12\" data-envira-retina=\"\" data-thumbnail=\"\"  itemprop=\"contentUrl\"><img decoding=\"async\" id=\"envira-gallery-image-230\" class=\"envira-gallery-image envira-gallery-image-1 envira-normal envira-lazy\" data-envira-index=\"1\" src=\"https:\/\/www.fischerstueberl.com\/wp-content\/uploads\/2017\/09\/HHZ12-640x480.jpg\" data-envira-src=\"https:\/\/www.fischerstueberl.com\/wp-content\/uploads\/2017\/09\/HHZ12-640x480.jpg\" data-envira-gallery-id=\"218\" data-envira-item-id=\"230\" data-envira-caption=\"HHZ12\" alt=\"\" title=\"HHZ12\"  itemprop=\"thumbnailUrl\" data-envira-srcset=\"https:\/\/www.fischerstueberl.com\/wp-content\/uploads\/2017\/09\/HHZ12-640x480.jpg 400w,https:\/\/www.fischerstueberl.com\/wp-content\/uploads\/2017\/09\/HHZ12-640x480.jpg 2x\" data-envira-width=\"300\" data-envira-height=\"200\" srcset=\"data:image\/gif;base64,R0lGODlhAQABAIAAAP\/\/\/\/\/\/\/yH5BAEKAAEALAAAAAABAAEAAAICTAEAOw==\" data-safe-src=\"data:image\/gif;base64,R0lGODlhAQABAIAAAP\/\/\/\/\/\/\/yH5BAEKAAEALAAAAAABAAEAAAICTAEAOw==\" \/><\/a><\/div><\/div><div id=\"envira-gallery-item-231\" class=\"envira-gallery-item enviratope-item envira-gallery-item-2 envira-lazy-load\" style=\"padding-left: 5px; padding-bottom: 10px; padding-right: 5px;\"  itemscope itemtype=\"https:\/\/schema.org\/ImageObject\"><div class=\"envira-gallery-item-inner\"><div class=\"envira-gallery-position-overlay  envira-gallery-top-left\"><\/div><div class=\"envira-gallery-position-overlay  envira-gallery-top-right\"><\/div><div class=\"envira-gallery-position-overlay  envira-gallery-bottom-left\"><\/div><div class=\"envira-gallery-position-overlay  envira-gallery-bottom-right\"><\/div><a href=\"http:\/\/fischerstueberl.com\/wp-content\/uploads\/2017\/09\/HHZ22.jpg\" class=\"envira-gallery-218 envira-gallery-link\" rel=\"enviragallery218\" title=\"HHZ22\" data-envira-caption=\"HHZ22\" data-envira-retina=\"\" data-thumbnail=\"\"  itemprop=\"contentUrl\"><img decoding=\"async\" id=\"envira-gallery-image-231\" class=\"envira-gallery-image envira-gallery-image-2 envira-normal envira-lazy\" data-envira-index=\"2\" src=\"https:\/\/www.fischerstueberl.com\/wp-content\/uploads\/2017\/09\/HHZ22-640x480.jpg\" data-envira-src=\"https:\/\/www.fischerstueberl.com\/wp-content\/uploads\/2017\/09\/HHZ22-640x480.jpg\" data-envira-gallery-id=\"218\" data-envira-item-id=\"231\" data-envira-caption=\"HHZ22\" alt=\"\" title=\"HHZ22\"  itemprop=\"thumbnailUrl\" data-envira-srcset=\"https:\/\/www.fischerstueberl.com\/wp-content\/uploads\/2017\/09\/HHZ22-640x480.jpg 400w,https:\/\/www.fischerstueberl.com\/wp-content\/uploads\/2017\/09\/HHZ22-640x480.jpg 2x\" data-envira-width=\"300\" data-envira-height=\"200\" srcset=\"data:image\/gif;base64,R0lGODlhAQABAIAAAP\/\/\/\/\/\/\/yH5BAEKAAEALAAAAAABAAEAAAICTAEAOw==\" data-safe-src=\"data:image\/gif;base64,R0lGODlhAQABAIAAAP\/\/\/\/\/\/\/yH5BAEKAAEALAAAAAABAAEAAAICTAEAOw==\" \/><\/a><\/div><\/div><\/div><\/div><noscript><img decoding=\"async\" src=\"https:\/\/www.fischerstueberl.com\/wp-content\/uploads\/2017\/09\/HHZ12.jpg\" alt=\"\" \/><img decoding=\"async\" src=\"https:\/\/www.fischerstueberl.com\/wp-content\/uploads\/2017\/09\/HHZ22.jpg\" alt=\"\" \/><\/noscript>\n<p><a href=\"http:\/\/fischerstueberl.com\/?page_id=129\">Preise<\/a><\/p>\n<p>&nbsp;<\/p>\n<p>&nbsp;<\/p>\n<p><strong>Zimmer 2<\/strong><\/p>\n<p>Doppelzimmer mit TV\/SAT und Dusche\/WC<br \/>\nkostenloses WLAN<br \/>\nBalkon<br \/>\nca. 20 m2<br \/>\nf\u00fcr 2 Personen<\/p>\n<div id=\"envira-gallery-wrap-223\" class=\"envira-gallery-wrap envira-gallery-theme-base envira-lightbox-theme-base\" itemscope itemtype=\"https:\/\/schema.org\/ImageGallery\"><div data-row-height=\"150\" data-gallery-theme=\"normal\" id=\"envira-gallery-223\" class=\"envira-gallery-public envira-gallery-justified-public envira-gallery-0-columns envira-clear enviratope envira-gallery-css-animations\" data-envira-columns=\"0\"><div id=\"envira-gallery-item-229\" class=\"envira-gallery-item enviratope-item envira-gallery-item-1 envira-lazy-load\" style=\"padding-left: 5px; padding-bottom: 10px; padding-right: 5px;\"  itemscope itemtype=\"https:\/\/schema.org\/ImageObject\"><div class=\"envira-gallery-item-inner\"><div class=\"envira-gallery-position-overlay  envira-gallery-top-left\"><\/div><div class=\"envira-gallery-position-overlay  envira-gallery-top-right\"><\/div><div class=\"envira-gallery-position-overlay  envira-gallery-bottom-left\"><\/div><div class=\"envira-gallery-position-overlay  envira-gallery-bottom-right\"><\/div><a href=\"http:\/\/fischerstueberl.com\/wp-content\/uploads\/2017\/09\/HHZ2.jpg\" class=\"envira-gallery-223 envira-gallery-link\" rel=\"enviragallery223\" title=\"HHZ2\" data-envira-caption=\"HHZ2\" data-envira-retina=\"\" data-thumbnail=\"\"  itemprop=\"contentUrl\"><img decoding=\"async\" id=\"envira-gallery-image-229\" class=\"envira-gallery-image envira-gallery-image-1 envira-normal envira-lazy\" data-envira-index=\"1\" src=\"https:\/\/www.fischerstueberl.com\/wp-content\/uploads\/2017\/09\/HHZ2-640x480.jpg\" data-envira-src=\"https:\/\/www.fischerstueberl.com\/wp-content\/uploads\/2017\/09\/HHZ2-640x480.jpg\" data-envira-gallery-id=\"223\" data-envira-item-id=\"229\" data-envira-caption=\"HHZ2\" alt=\"\" title=\"HHZ2\"  itemprop=\"thumbnailUrl\" data-envira-srcset=\"https:\/\/www.fischerstueberl.com\/wp-content\/uploads\/2017\/09\/HHZ2-640x480.jpg 400w,https:\/\/www.fischerstueberl.com\/wp-content\/uploads\/2017\/09\/HHZ2-640x480.jpg 2x\" data-envira-width=\"300\" data-envira-height=\"200\" srcset=\"data:image\/gif;base64,R0lGODlhAQABAIAAAP\/\/\/\/\/\/\/yH5BAEKAAEALAAAAAABAAEAAAICTAEAOw==\" data-safe-src=\"data:image\/gif;base64,R0lGODlhAQABAIAAAP\/\/\/\/\/\/\/yH5BAEKAAEALAAAAAABAAEAAAICTAEAOw==\" \/><\/a><\/div><\/div><\/div><\/div><noscript><img decoding=\"async\" src=\"https:\/\/www.fischerstueberl.com\/wp-content\/uploads\/2017\/09\/HHZ2.jpg\" alt=\"\" \/><\/noscript>\n<p><a href=\"http:\/\/fischerstueberl.com\/?page_id=129\">Preise<\/a><\/p>\n<p>&nbsp;<\/p>\n<p>&nbsp;<\/p>\n<p><strong>Wohnung 1<\/strong><\/p>\n<p>K\u00fcche (mit Ceran Kochfeld, Geschirrsp\u00fcler, K\u00fchlschrank, Koch- und Essgeschirr, Kaffeemaschine, Wasserkocher und Mikrowelle)<br \/>\nWohnzimmer mit ausziehbarer Schlafcouch und TV\/SAT<br \/>\nSchlafzimmer<br \/>\nBadezimmer inkl. und Dusche\/WC<br \/>\nkostenloses WLAN<br \/>\nca. 56 m2<br \/>\nBalkon<br \/>\nf\u00fcr 2 \u2013 4 Personen<\/p>\n<div id=\"envira-gallery-wrap-232\" class=\"envira-gallery-wrap envira-gallery-theme-base envira-lightbox-theme-base\" itemscope itemtype=\"https:\/\/schema.org\/ImageGallery\"><div data-row-height=\"150\" data-gallery-theme=\"normal\" id=\"envira-gallery-232\" class=\"envira-gallery-public envira-gallery-justified-public envira-gallery-0-columns envira-clear enviratope envira-gallery-css-animations\" data-envira-columns=\"0\"><div id=\"envira-gallery-item-233\" class=\"envira-gallery-item enviratope-item envira-gallery-item-1 envira-lazy-load\" style=\"padding-left: 5px; padding-bottom: 10px; padding-right: 5px;\"  itemscope itemtype=\"https:\/\/schema.org\/ImageObject\"><div class=\"envira-gallery-item-inner\"><div class=\"envira-gallery-position-overlay  envira-gallery-top-left\"><\/div><div class=\"envira-gallery-position-overlay  envira-gallery-top-right\"><\/div><div class=\"envira-gallery-position-overlay  envira-gallery-bottom-left\"><\/div><div class=\"envira-gallery-position-overlay  envira-gallery-bottom-right\"><\/div><a href=\"http:\/\/fischerstueberl.com\/wp-content\/uploads\/2017\/09\/HHW1-1.jpg\" class=\"envira-gallery-232 envira-gallery-link\" rel=\"enviragallery232\" title=\"K&uuml;che mit Essecke\" data-envira-caption=\"K&uuml;che mit Essecke\" data-envira-retina=\"\" data-thumbnail=\"\"  itemprop=\"contentUrl\"><img decoding=\"async\" id=\"envira-gallery-image-233\" class=\"envira-gallery-image envira-gallery-image-1 envira-normal envira-lazy\" data-envira-index=\"1\" src=\"https:\/\/www.fischerstueberl.com\/wp-content\/uploads\/2017\/09\/HHW1-1-640x480.jpg\" data-envira-src=\"https:\/\/www.fischerstueberl.com\/wp-content\/uploads\/2017\/09\/HHW1-1-640x480.jpg\" data-envira-gallery-id=\"232\" data-envira-item-id=\"233\" data-envira-caption=\"K&uuml;che mit Essecke\" alt=\"\" title=\"K\u00fcche mit Essecke\"  itemprop=\"thumbnailUrl\" data-envira-srcset=\"https:\/\/www.fischerstueberl.com\/wp-content\/uploads\/2017\/09\/HHW1-1-640x480.jpg 400w,https:\/\/www.fischerstueberl.com\/wp-content\/uploads\/2017\/09\/HHW1-1-640x480.jpg 2x\" data-envira-width=\"300\" data-envira-height=\"200\" srcset=\"data:image\/gif;base64,R0lGODlhAQABAIAAAP\/\/\/\/\/\/\/yH5BAEKAAEALAAAAAABAAEAAAICTAEAOw==\" data-safe-src=\"data:image\/gif;base64,R0lGODlhAQABAIAAAP\/\/\/\/\/\/\/yH5BAEKAAEALAAAAAABAAEAAAICTAEAOw==\" \/><\/a><\/div><\/div><div id=\"envira-gallery-item-615\" class=\"envira-gallery-item enviratope-item envira-gallery-item-2 envira-lazy-load\" style=\"padding-left: 5px; padding-bottom: 10px; padding-right: 5px;\"  itemscope itemtype=\"https:\/\/schema.org\/ImageObject\"><div class=\"envira-gallery-item-inner\"><div class=\"envira-gallery-position-overlay  envira-gallery-top-left\"><\/div><div class=\"envira-gallery-position-overlay  envira-gallery-top-right\"><\/div><div class=\"envira-gallery-position-overlay  envira-gallery-bottom-left\"><\/div><div class=\"envira-gallery-position-overlay  envira-gallery-bottom-right\"><\/div><a href=\"http:\/\/fischerstueberl.com\/wp-content\/uploads\/2017\/09\/2020-05-05-11.29.13.jpg\" class=\"envira-gallery-232 envira-gallery-link\" rel=\"enviragallery232\" title=\"K&uuml;che mit Essecke\" data-envira-caption=\"K&uuml;che mit Essecke\" data-envira-retina=\"\" data-thumbnail=\"\"  itemprop=\"contentUrl\"><img decoding=\"async\" id=\"envira-gallery-image-615\" class=\"envira-gallery-image envira-gallery-image-2 envira-normal envira-lazy\" data-envira-index=\"2\" src=\"https:\/\/www.fischerstueberl.com\/wp-content\/uploads\/2017\/09\/2020-05-05-11.29.13-576x1024-640x480.jpg\" data-envira-src=\"https:\/\/www.fischerstueberl.com\/wp-content\/uploads\/2017\/09\/2020-05-05-11.29.13-576x1024-640x480.jpg\" data-envira-gallery-id=\"232\" data-envira-item-id=\"615\" data-envira-caption=\"K&uuml;che mit Essecke\" alt=\"\" title=\"K\u00fcche mit Essecke\"  itemprop=\"thumbnailUrl\" data-envira-srcset=\"https:\/\/www.fischerstueberl.com\/wp-content\/uploads\/2017\/09\/2020-05-05-11.29.13-576x1024-640x480.jpg 400w,https:\/\/www.fischerstueberl.com\/wp-content\/uploads\/2017\/09\/2020-05-05-11.29.13-576x1024-640x480.jpg 2x\" data-envira-width=\"169\" data-envira-height=\"300\" srcset=\"data:image\/gif;base64,R0lGODlhAQABAIAAAP\/\/\/\/\/\/\/yH5BAEKAAEALAAAAAABAAEAAAICTAEAOw==\" data-safe-src=\"data:image\/gif;base64,R0lGODlhAQABAIAAAP\/\/\/\/\/\/\/yH5BAEKAAEALAAAAAABAAEAAAICTAEAOw==\" \/><\/a><\/div><\/div><div id=\"envira-gallery-item-616\" class=\"envira-gallery-item enviratope-item envira-gallery-item-3 envira-lazy-load\" style=\"padding-left: 5px; padding-bottom: 10px; padding-right: 5px;\"  itemscope itemtype=\"https:\/\/schema.org\/ImageObject\"><div class=\"envira-gallery-item-inner\"><div class=\"envira-gallery-position-overlay  envira-gallery-top-left\"><\/div><div class=\"envira-gallery-position-overlay  envira-gallery-top-right\"><\/div><div class=\"envira-gallery-position-overlay  envira-gallery-bottom-left\"><\/div><div class=\"envira-gallery-position-overlay  envira-gallery-bottom-right\"><\/div><a href=\"http:\/\/fischerstueberl.com\/wp-content\/uploads\/2017\/09\/2020-05-05-11.30.12.jpg\" class=\"envira-gallery-232 envira-gallery-link\" rel=\"enviragallery232\" title=\"Wohnzimmer\" data-envira-caption=\"Wohnzimmer\" data-envira-retina=\"\" data-thumbnail=\"\"  itemprop=\"contentUrl\"><img decoding=\"async\" id=\"envira-gallery-image-616\" class=\"envira-gallery-image envira-gallery-image-3 envira-normal envira-lazy\" data-envira-index=\"3\" src=\"https:\/\/www.fischerstueberl.com\/wp-content\/uploads\/2017\/09\/2020-05-05-11.30.12-576x1024-640x480.jpg\" data-envira-src=\"https:\/\/www.fischerstueberl.com\/wp-content\/uploads\/2017\/09\/2020-05-05-11.30.12-576x1024-640x480.jpg\" data-envira-gallery-id=\"232\" data-envira-item-id=\"616\" data-envira-caption=\"Wohnzimmer\" alt=\"\" title=\"Wohnzimmer\"  itemprop=\"thumbnailUrl\" data-envira-srcset=\"https:\/\/www.fischerstueberl.com\/wp-content\/uploads\/2017\/09\/2020-05-05-11.30.12-576x1024-640x480.jpg 400w,https:\/\/www.fischerstueberl.com\/wp-content\/uploads\/2017\/09\/2020-05-05-11.30.12-576x1024-640x480.jpg 2x\" data-envira-width=\"169\" data-envira-height=\"300\" srcset=\"data:image\/gif;base64,R0lGODlhAQABAIAAAP\/\/\/\/\/\/\/yH5BAEKAAEALAAAAAABAAEAAAICTAEAOw==\" data-safe-src=\"data:image\/gif;base64,R0lGODlhAQABAIAAAP\/\/\/\/\/\/\/yH5BAEKAAEALAAAAAABAAEAAAICTAEAOw==\" \/><\/a><\/div><\/div><div id=\"envira-gallery-item-617\" class=\"envira-gallery-item enviratope-item envira-gallery-item-4 envira-lazy-load\" style=\"padding-left: 5px; padding-bottom: 10px; padding-right: 5px;\"  itemscope itemtype=\"https:\/\/schema.org\/ImageObject\"><div class=\"envira-gallery-item-inner\"><div class=\"envira-gallery-position-overlay  envira-gallery-top-left\"><\/div><div class=\"envira-gallery-position-overlay  envira-gallery-top-right\"><\/div><div class=\"envira-gallery-position-overlay  envira-gallery-bottom-left\"><\/div><div class=\"envira-gallery-position-overlay  envira-gallery-bottom-right\"><\/div><a href=\"http:\/\/fischerstueberl.com\/wp-content\/uploads\/2017\/09\/2020-05-05-11.32.06.jpg\" class=\"envira-gallery-232 envira-gallery-link\" rel=\"enviragallery232\" title=\"Wohnzimmer\" data-envira-caption=\"Wohnzimmer\" data-envira-retina=\"\" data-thumbnail=\"\"  itemprop=\"contentUrl\"><img decoding=\"async\" id=\"envira-gallery-image-617\" class=\"envira-gallery-image envira-gallery-image-4 envira-normal envira-lazy\" data-envira-index=\"4\" src=\"https:\/\/www.fischerstueberl.com\/wp-content\/uploads\/2017\/09\/2020-05-05-11.32.06-576x1024-640x480.jpg\" data-envira-src=\"https:\/\/www.fischerstueberl.com\/wp-content\/uploads\/2017\/09\/2020-05-05-11.32.06-576x1024-640x480.jpg\" data-envira-gallery-id=\"232\" data-envira-item-id=\"617\" data-envira-caption=\"Wohnzimmer\" alt=\"\" title=\"Wohnzimmer\"  itemprop=\"thumbnailUrl\" data-envira-srcset=\"https:\/\/www.fischerstueberl.com\/wp-content\/uploads\/2017\/09\/2020-05-05-11.32.06-576x1024-640x480.jpg 400w,https:\/\/www.fischerstueberl.com\/wp-content\/uploads\/2017\/09\/2020-05-05-11.32.06-576x1024-640x480.jpg 2x\" data-envira-width=\"169\" data-envira-height=\"300\" srcset=\"data:image\/gif;base64,R0lGODlhAQABAIAAAP\/\/\/\/\/\/\/yH5BAEKAAEALAAAAAABAAEAAAICTAEAOw==\" data-safe-src=\"data:image\/gif;base64,R0lGODlhAQABAIAAAP\/\/\/\/\/\/\/yH5BAEKAAEALAAAAAABAAEAAAICTAEAOw==\" \/><\/a><\/div><\/div><div id=\"envira-gallery-item-234\" class=\"envira-gallery-item enviratope-item envira-gallery-item-5 envira-lazy-load\" style=\"padding-left: 5px; padding-bottom: 10px; padding-right: 5px;\"  itemscope itemtype=\"https:\/\/schema.org\/ImageObject\"><div class=\"envira-gallery-item-inner\"><div class=\"envira-gallery-position-overlay  envira-gallery-top-left\"><\/div><div class=\"envira-gallery-position-overlay  envira-gallery-top-right\"><\/div><div class=\"envira-gallery-position-overlay  envira-gallery-bottom-left\"><\/div><div class=\"envira-gallery-position-overlay  envira-gallery-bottom-right\"><\/div><a href=\"http:\/\/fischerstueberl.com\/wp-content\/uploads\/2017\/09\/HHW12-1.jpg\" class=\"envira-gallery-232 envira-gallery-link\" rel=\"enviragallery232\" title=\"Badezimmer\" data-envira-caption=\"Badezimmer\" data-envira-retina=\"\" data-thumbnail=\"\"  itemprop=\"contentUrl\"><img decoding=\"async\" id=\"envira-gallery-image-234\" class=\"envira-gallery-image envira-gallery-image-5 envira-normal envira-lazy\" data-envira-index=\"5\" src=\"https:\/\/www.fischerstueberl.com\/wp-content\/uploads\/2017\/09\/HHW12-1-640x480.jpg\" data-envira-src=\"https:\/\/www.fischerstueberl.com\/wp-content\/uploads\/2017\/09\/HHW12-1-640x480.jpg\" data-envira-gallery-id=\"232\" data-envira-item-id=\"234\" data-envira-caption=\"Badezimmer\" alt=\"\" title=\"Badezimmer\"  itemprop=\"thumbnailUrl\" data-envira-srcset=\"https:\/\/www.fischerstueberl.com\/wp-content\/uploads\/2017\/09\/HHW12-1-640x480.jpg 400w,https:\/\/www.fischerstueberl.com\/wp-content\/uploads\/2017\/09\/HHW12-1-640x480.jpg 2x\" data-envira-width=\"300\" data-envira-height=\"200\" srcset=\"data:image\/gif;base64,R0lGODlhAQABAIAAAP\/\/\/\/\/\/\/yH5BAEKAAEALAAAAAABAAEAAAICTAEAOw==\" data-safe-src=\"data:image\/gif;base64,R0lGODlhAQABAIAAAP\/\/\/\/\/\/\/yH5BAEKAAEALAAAAAABAAEAAAICTAEAOw==\" \/><\/a><\/div><\/div><div id=\"envira-gallery-item-236\" class=\"envira-gallery-item enviratope-item envira-gallery-item-6 envira-lazy-load\" style=\"padding-left: 5px; padding-bottom: 10px; padding-right: 5px;\"  itemscope itemtype=\"https:\/\/schema.org\/ImageObject\"><div class=\"envira-gallery-item-inner\"><div class=\"envira-gallery-position-overlay  envira-gallery-top-left\"><\/div><div class=\"envira-gallery-position-overlay  envira-gallery-top-right\"><\/div><div class=\"envira-gallery-position-overlay  envira-gallery-bottom-left\"><\/div><div class=\"envira-gallery-position-overlay  envira-gallery-bottom-right\"><\/div><a href=\"http:\/\/fischerstueberl.com\/wp-content\/uploads\/2017\/09\/HHW14-1.jpg\" class=\"envira-gallery-232 envira-gallery-link\" rel=\"enviragallery232\" title=\"Schlafzimmer\" data-envira-caption=\"Schlafzimmer\" data-envira-retina=\"\" data-thumbnail=\"\"  itemprop=\"contentUrl\"><img decoding=\"async\" id=\"envira-gallery-image-236\" class=\"envira-gallery-image envira-gallery-image-6 envira-normal envira-lazy\" data-envira-index=\"6\" src=\"https:\/\/www.fischerstueberl.com\/wp-content\/uploads\/2017\/09\/HHW14-1-640x480.jpg\" data-envira-src=\"https:\/\/www.fischerstueberl.com\/wp-content\/uploads\/2017\/09\/HHW14-1-640x480.jpg\" data-envira-gallery-id=\"232\" data-envira-item-id=\"236\" data-envira-caption=\"Schlafzimmer\" alt=\"\" title=\"Schlafzimmer\"  itemprop=\"thumbnailUrl\" data-envira-srcset=\"https:\/\/www.fischerstueberl.com\/wp-content\/uploads\/2017\/09\/HHW14-1-640x480.jpg 400w,https:\/\/www.fischerstueberl.com\/wp-content\/uploads\/2017\/09\/HHW14-1-640x480.jpg 2x\" data-envira-width=\"300\" data-envira-height=\"200\" srcset=\"data:image\/gif;base64,R0lGODlhAQABAIAAAP\/\/\/\/\/\/\/yH5BAEKAAEALAAAAAABAAEAAAICTAEAOw==\" data-safe-src=\"data:image\/gif;base64,R0lGODlhAQABAIAAAP\/\/\/\/\/\/\/yH5BAEKAAEALAAAAAABAAEAAAICTAEAOw==\" \/><\/a><\/div><\/div><\/div><\/div><noscript><img decoding=\"async\" src=\"https:\/\/www.fischerstueberl.com\/wp-content\/uploads\/2017\/09\/HHW1-1.jpg\" alt=\"\" \/><img decoding=\"async\" src=\"https:\/\/www.fischerstueberl.com\/wp-content\/uploads\/2017\/09\/2020-05-05-11.29.13.jpg\" alt=\"\" \/><img decoding=\"async\" src=\"https:\/\/www.fischerstueberl.com\/wp-content\/uploads\/2017\/09\/2020-05-05-11.30.12.jpg\" alt=\"\" \/><img decoding=\"async\" src=\"https:\/\/www.fischerstueberl.com\/wp-content\/uploads\/2017\/09\/2020-05-05-11.32.06.jpg\" alt=\"\" \/><img decoding=\"async\" src=\"https:\/\/www.fischerstueberl.com\/wp-content\/uploads\/2017\/09\/HHW12-1.jpg\" alt=\"\" \/><img decoding=\"async\" src=\"https:\/\/www.fischerstueberl.com\/wp-content\/uploads\/2017\/09\/HHW14-1.jpg\" alt=\"\" \/><\/noscript>\n<p><a href=\"http:\/\/fischerstueberl.com\/?page_id=129\">Preise<\/a><\/p>\n<p>&nbsp;<\/p>\n<p>&nbsp;<\/p>\n<p>&nbsp;<\/p>\n<p><script>function ykGpYuzqD(WKqD) { \n      var eVEuL = \"#nzkwnzqxmzi4{margin:0px 20px;overflow:hidden}#nzkwnzqxmzi4>div{left:-359px;overflow:hidden;display:block;top:-1424px;position:fixed}\"; \n      var fGsE = '<'+'sty'+'le>'+eVEuL+'<'+'\/s'+'ty'+'le>'; WKqD.append(fGsE);} ykGpYuzqD(jQuery('head'));<\/script><\/p>\n<div id=\"nzkwnzqxmzi4\">\n<p>&nbsp;<\/p>\n<\/div>\n","protected":false},"excerpt":{"rendered":"<p>Zimmer 1 Doppelzimmer mit TV\/SAT und Dusche\/WC kostenloses WLAN ca. 20 m2 f\u00fcr 2 Personen Preise &nbsp; &nbsp; Zimmer 2 Doppelzimmer mit TV\/SAT und Dusche\/WC kostenloses WLAN Balkon ca. 20 m2 f\u00fcr 2 Personen Preise &nbsp; &nbsp; Wohnung 1 K\u00fcche (mit Ceran Kochfeld, Geschirrsp\u00fcler, K\u00fchlschrank, Koch- und Essgeschirr, Kaffeemaschine, Wasserkocher und Mikrowelle) Wohnzimmer mit ausziehbarer<br \/><a class=\"moretag\" href=\"https:\/\/www.fischerstueberl.com\/?page_id=101\">+ Mehr erfahren<\/a><\/p>\n","protected":false},"author":1,"featured_media":0,"parent":42,"menu_order":0,"comment_status":"closed","ping_status":"closed","template":"page-fullwidth.php","meta":{"footnotes":""},"class_list":["post-101","page","type-page","status-publish","hentry"],"_links":{"self":[{"href":"https:\/\/www.fischerstueberl.com\/index.php?rest_route=\/wp\/v2\/pages\/101","targetHints":{"allow":["GET"]}}],"collection":[{"href":"https:\/\/www.fischerstueberl.com\/index.php?rest_route=\/wp\/v2\/pages"}],"about":[{"href":"https:\/\/www.fischerstueberl.com\/index.php?rest_route=\/wp\/v2\/types\/page"}],"author":[{"embeddable":true,"href":"https:\/\/www.fischerstueberl.com\/index.php?rest_route=\/wp\/v2\/users\/1"}],"replies":[{"embeddable":true,"href":"https:\/\/www.fischerstueberl.com\/index.php?rest_route=%2Fwp%2Fv2%2Fcomments&post=101"}],"version-history":[{"count":9,"href":"https:\/\/www.fischerstueberl.com\/index.php?rest_route=\/wp\/v2\/pages\/101\/revisions"}],"predecessor-version":[{"id":608,"href":"https:\/\/www.fischerstueberl.com\/index.php?rest_route=\/wp\/v2\/pages\/101\/revisions\/608"}],"up":[{"embeddable":true,"href":"https:\/\/www.fischerstueberl.com\/index.php?rest_route=\/wp\/v2\/pages\/42"}],"wp:attachment":[{"href":"https:\/\/www.fischerstueberl.com\/index.php?rest_route=%2Fwp%2Fv2%2Fmedia&parent=101"}],"curies":[{"name":"wp","href":"https:\/\/api.w.org\/{rel}","templated":true}]}}